{"id":3,"date":"2025-11-07T17:44:48","date_gmt":"2025-11-07T16:44:48","guid":{"rendered":"http:\/\/demo-dltm.metodogroup.it\/?page_id=3"},"modified":"2025-12-09T14:17:13","modified_gmt":"2025-12-09T13:17:13","slug":"privacy-policy","status":"publish","type":"page","link":"https:\/\/dltm.it\/en\/privacy-policy\/","title":{"rendered":"Privacy Policy"},"content":{"rendered":"<div class=\"page-header\">\r\n<h2 class=\"u-text-h2 u-margin-r-bottom wp-block-heading\">Legal notes and Privacy<\/h2>\r\n<\/div>\r\n<div class=\"u-textSecondary u-lineHeight-l\">\r\n<p><strong>INFORMATIVA AREA SITO IN MATERIA DI PROTEZIONE DEI DATI PERSONALI\u00a0AI SENSI DELL\u2019ART. 13 D. lgs. 30.06.2003, n. 196<\/strong><br \/>In osservanza di quanto previsto ai sensi e per gli effetti dell\u2019art. 13 D. Lgs 30 giugno 2003,\u00a0Distretto Ligure delle Tecnologie Marine S.c.r.l.,\u00a0Via delle Pianazze, n. 74,\u00a019136 La Spezia\u00a0(di seguito anche la \u201dSociet\u00e0\u201d), nella sua qualit\u00e0 di titolare del trattamento, con la presente informa gli utenti richiedenti informazioni attraverso il presente portale su quali siano le finalit\u00e0 e modalit\u00e0 del trattamento dei dati personali raccolti, il loro ambito di comunicazione e diffusione, oltre alla natura del loro conferimento.<\/p>\r\n<p><strong>FINALIT\u00c0<\/strong><br \/>I dati raccolti presso gli utenti, da questi spontaneamente conferiti, oggetto del trattamento, sono trattati ed utilizzati direttamente per evadere le richieste dai medesimi avanzate, e per tutte quelle che sono normalmente propedeutiche e consequenziali alla gestione delle stesse.<\/p>\r\n<p><strong>MODALIT\u00c0 DI TRATTAMENTO<\/strong><br \/>Il trattamento dei dati \u00e8 eseguito attraverso supporti elettronici e telematici ad opera di soggetti interni appositamente incaricati. I dati sono conservati in archivi elettronici e telematici con piena assicurazione delle misure di sicurezza minime previste dal legislatore.<\/p>\r\n<p><strong>COMUNICAZIONE E DIFFUSIONE<\/strong><br \/>I dati personali, contabili, fiscali non saranno diffusi, venduti o scambiati con soggetti terzi, salvo eventuali comunicazioni a societ\u00e0 del gruppo (art. 24 lett. i-bis) D.Lgs. 196\/2003) e\/o a terzi per lo svolgimento di attivit\u00e0 funzionali e istituzionali del titolare dei servizi proposti ed eventualmente aderiti, e, comunque, salvo qualora ci\u00f2 sia indispensabile al fine di esecuzione della richiesta formulata o dalle disposizioni di legge. In tal caso l\u2019utilizzo da parte dei terzi dovr\u00e0 avvenire nel completo rispetto del principio della correttezza e delle disposizioni di legge.<\/p>\r\n<p><strong>DIRITTI DELL\u2019INTERESSATO<\/strong><br \/>L\u2019interessato potr\u00e0 far valere i propri diritti come espressi dall\u2019artt. 7, 8, 9 e 10 del D.Lgs. 30 giugno 2003 n. 196, rivolgendosi al titolare del trattamento. In particolare secondo l\u2019art. 7 l\u2019interessato potr\u00e0 ottenere la conferma dell\u2019esistenza o meno di dati personali che lo riguardano, anche se non ancora registrati, e la loro comunicazione in forma intelligibile. L\u2019interessato ha diritto di ottenere l\u2019indicazione: a) dell\u2019origine dei dati personali; b) delle finalit\u00e0 e modalit\u00e0 del trattamento; c) della logica applicata in caso di trattamento effettuato con l\u2019ausilio di strumenti elettronici; d) degli estremi identificativi del titolare, dei responsabili e del rappresentante designato ai sensi dell\u2019articolo 5, comma 2; e) dei soggetti o delle categorie di soggetti ai quali i dati personali possono essere comunicati o che possono venirne a conoscenza in qualit\u00e0 di rappresentante designato nel territorio dello Stato, di responsabili o incaricati. L\u2019interessato ha diritto di ottenere: a) l\u2019aggiornamento, la rettifica ovvero, quando vi ha interesse, l\u2019integrazione dei dati; b) la cancellazione, la trasformazione in forma anonima o il blocco dei dati trattati in violazione di legge, compresi quelli di cui non \u00e8 necessaria la conservazione in relazione agli scopi per i quali i dati sono stati raccolti o successivamente trattati; c) l\u2019attestazione che le operazioni di cui alle lettere a) e b) sono state portate a conoscenza, anche per quanto riguarda il loro contenuto, di coloro ai quali i dati sono stati comunicati o diffusi, eccettuato il caso in cui tale adempimento si rivela impossibile o comporta un impiego di mezzi manifestamente sproporzionato rispetto al diritto tutelato. L\u2019interessato ha diritto di opporsi, in tutto o in parte: a) per motivi legittimi al trattamento dei dati personali che lo riguardano, ancorch\u00e9 pertinenti allo scopo della raccolta; b) al trattamento di dati personali che lo riguardano a fini di invio di materiale pubblicitario o di vendita diretta o per il compimento di ricerche di mercato o di comunicazione commerciale.<\/p>\r\n<p><strong>TITOLARE<\/strong><br \/>Il titolare \u00e8\u00a0<em>Liguria Marine Technologies District S.c.r.l.<\/em>,\u00a0Via delle Pianazze, n. 74,\u00a019136 La Spezia.<\/p>\r\n<p><strong>TEMPO DI CONSERVAZIONE<\/strong><br \/>I dati saranno conservati per il tempo necessario all\u2019espletamento delle finalit\u00e0 indicate, secondo quanto previsto dalla legge, fatto salva l\u2019instaurazione di eventuali rapporti con la societ\u00e0, e concessi i diritti esercitabili ex art. 7 D.lgs. 196\/2003.<\/p>\r\n<p><strong>NATURA DEL CONFERIMENTO E CONSENSO<\/strong><br \/>Il conferimento dei dati \u00e8 facoltativo ma necessario, in quanto l\u2019eventuale rifiuto a rispondere comporta l\u2019impossibilit\u00e0 per il titolare di dar corso ai servizi aderiti dall\u2019utente e di adempiere agli obblighi ad essi connessi. Ai sensi dell\u2019art. 24 D. Lgs. 196\/2003 il consenso al trattamento dei suddetti dati \u00e8 necessario in quanto gli stessi sono raccolti al di fuori di accordi contrattuali pregressi.<\/p>\r\n<p>Prestazione del consenso:<\/p>\r\n<ul>\r\n<li>presto il consenso al trattamento dei miei dati personali. In questo caso la Societ\u00e0 provveder\u00e0 ad evadere la richiesta avanzata.<\/li>\r\n<li>NON presto il consenso al trattamento dei miei dati personali. In questo caso la Societ\u00e0 NON provveder\u00e0 ad evadere la richiesta avanzata.<\/li>\r\n<\/ul>\r\n<p>&nbsp;<\/p>\r\n<p><strong>LA PRIVACY POLICY DI QUESTO SITO WEB<\/strong><br \/>Con il presente documento\u00a0Distretto Ligure delle Tecnologie Marine S.c.r.l.,\u00a0Via delle Pianazze, n. 74,\u00a019136 La Spezia, titolare del sito, intende dare notizia sulle modalit\u00e0 di gestione del sito medesimo in relazione al trattamento ed alla protezione dei dati personali dei soggetti (utenti) che vi navigano all\u2019interno, con accesso diretto dalla home page oppure da pagine interne.<br \/>Il presente documento \u00e8 un\u2019informativa conforme a quanto stabilito dall\u2019articolo 13 del D.Lgs del 30 giugno 2003, n. 196 (Codice in materia di protezione dei dati personali). La presente ha valenza solo ed esclusivamente per il sito di cui la societ\u00e0 \u00e8 titolare e non per altri siti consultati dall\u2019utente attraverso link eventualmente attivati nelle pagine del suddetto. Attraverso la mera navigazione del sito possono essere raccolti dati che si riferiscono a persone identificate o identificabili.<\/p>\r\n<p><strong>TITOLARE DEL TRATTAMENTO<\/strong><br \/>Titolare del trattamento \u00e8\u00a0Distretto Ligure delle Tecnologie Marine S.c.r.l.,\u00a0Via delle Pianazze, n. 74,\u00a019136 La Spezia.<\/p>\r\n<\/div>\r\n<p><strong>DATI TRATTATI<\/strong><br \/>Dati di navigazione:<br \/>I sistemi informatici e le procedure software preposte al funzionamento di questo sito web acquisiscono, nel corso del loro normale esercizio, alcuni dati personali la cui trasmissione \u00e8 implicita nell\u2019uso dei protocolli di comunicazione di Internet.<br \/>Si tratta di informazioni che non sono raccolte per essere associate a interessati identificati, ma che per loro stessa natura potrebbero, attraverso elaborazioni ed associazioni con dati detenuti da terzi, permettere di identificare gli utenti. In questa categoria di dati rientrano gli indirizzi IP o i nomi a dominio dei computer utilizzati dagli utenti che si connettono al sito, gli indirizzi in notazione URI (Uniform Resource Identifier) delle risorse richieste, l\u2019orario della richiesta, il metodo utilizzato nel sottoporre la richiesta al server, la dimensione del file ottenuto in risposta, il codice numerico indicante lo stato della risposta data dal server (buon fine, errore, ecc.) ed altri parametri relativi al sistema operativo e all\u2019ambiente informatico dell\u2019utente.<br \/>I dati, cos\u00ec raccolti, potrebbero essere utilizzati per l\u2019accertamento di responsabilit\u00e0 in caso di eventuali reati informatici ai danni del sito.<\/p>\r\n<p>Dati forniti direttamente dall\u2019utente:<br \/>L\u2019invio facoltativo, esplicito e volontario, di dati come richiesti da varie sezioni del presente sito sono utilizzati al fine di dare corso alle richieste dell\u2019utente (esempio meramente indicativo e non esaustivo: quando si richiedono informazioni o delucidazioni scrivendo agli indirizzi di posta elettronica presenti sul sito in home page o nelle pagine interne oppure quando si inviano spontaneamente curriculum vitae allo scopo di proporsi come candidati, oppure quando si effettuano chiamate dirette o invio fax ai numeri presenti sempre nella sezione \u201ccontatti\u201d). Con riguardo particolare ai dati inseriti dalle aziende e dai professionisti nelle pagine dedicate alla relativa registrazione necessari alla richiesta e alla candidatura per la formazione.<\/p>\r\n<p>Sono presenti all\u2019interno del sito specifiche informative per particolari servizi richiesti dall\u2019utente.<\/p>\r\n<p><strong>NATURA DEL CONFERIMENTO DEI DATI<\/strong><br \/>I dati di navigazione sono trattati in quanto necessari per dar corso ai protocolli informatici e telematici; il conferimento dei dati personali da parte degli utenti \u00e8 libero e facoltativo.<\/p>\r\n<p><strong>MODALIT\u00c0 DI TRATTAMENTO<\/strong><br \/>I dati raccolti attraverso il sito sono trattati attraverso procedure informatiche e telematiche. I dati di tipo tecnico, sono conservati presso i server dell\u2019azienda a cui sono assicurate tutte le misure di sicurezza previste dal D.Lgs 196\/2003 e allegati.<\/p>\r\n<p>&nbsp;<\/p>\r\n<p><strong>COOKIES<\/strong><br \/>Il sito utilizza dei cookie, ossia delle righe di testo utili per eseguire autenticazioni automatiche, tracciature di sessioni e memorizzazione di informazioni specifiche riguardanti gli utenti.<br \/>Il browser internet offre la possibilit\u00e0 di impedire al sito il salvataggio e l\u2019utilizzo dei cookie. In tal modo per\u00f2 potrebbe risultare impedito il completo o corretto funzionamento delle funzioni offerte dal sito stesso.<\/p>\r\n<p>Il titolare del trattamento utilizza sul sito dei cookie principalmente con lo scopo di raccogliere dati che aiutano a migliorare il sito stesso e a redigere statistiche di utilizzo relative alla navigazione, alle pagine visualizzate, agli elementi preferiti, ai click effettuati da parte degli utenti, nonch\u00e9 cookie di terze parti partner o fornitori del titolare del trattamento.<\/p>\r\n<p>Le tipologie di cookie in particolare utilizzate sul sito sono le seguenti:<\/p>\r\n<ul>\r\n<li>cookie di gestione delle sessioni: facilitano l\u2019accesso al sito e la navigazione nello stesso;<\/li>\r\n<li>cookie di monitoraggio delle prestazioni: permettono di verificare le prestazioni del sito monitorando l\u2019utilizzo da parte degli utenti; i dati raccolti attraverso questi cookie sono trattati in forma anonima ed aggregata e pertanto forniscono mere informazioni statistiche sul numero di visitatori del sito, la loro provenienza e le pagine visitate;<\/li>\r\n<li>cookie di funzionalit\u00e0: permettono di memorizzare le impostazioni selezionate dagli utenti sul sito in maniera tale da migliorarne la fruibilit\u00e0 e la funzionalit\u00e0 per l\u2019utente;<\/li>\r\n<\/ul>\r\n<p>&nbsp;<\/p>\r\n<p>Sul sito potrai in ogni momento scegliere quali cookie desideri ricevere e quali no utilizzando il pannello delle impostazioni del tuo browser. Tuttavia, se si decide di non accettare determinati cookie, potresti non essere in grado di utilizzare correttamente alcune funzionalit\u00e0 del sito.<\/p>\r\n<p><strong>COOKIES TECNICI DI TERZE PARTI<\/strong><br \/>Il sito utilizza Google Analytics, un servizio di web analytics di terze parti fornito da Google che invia cookies sul tuo dispositivo. Le informazioni generate dal cookie sul tuo utilizzo del Sito (compreso il tuo indirizzo IP, che indica il tuo identificativo su internet) sono trasmesse a Google e conservate da Google su server negli Stati Uniti. Google utilizza queste informazioni per rilevare il tuo utilizzo del Sito, predisporre resoconti sull\u2019attivit\u00e0 del sito web per operatori di siti web e per fornire altri servizi relativi all\u2019attivit\u00e0 del sito web e all\u2019utilizzo di internet. Google pu\u00f2 anche trasferire queste informazioni a terzi se richiesto dalla legge oppure in caso di terzi che elaborano queste informazioni per conto di Google. Google non associa il tuo indirizzo IP con nessun altro dato che Google possiede. Per ulteriori informazioni su Google Analytics, puoi consultare Cookies and Analytics e la relativa privacy policy per Google Analytics.<\/p>\r\n<p><strong>DIRITTI DELL\u2019INTERESSATO<\/strong><br \/>L\u2019interessato potr\u00e0 far valere i propri diritti come espressi dall\u2019artt. 7, 8, 9 e 10 del D.Lgs. 30 giugno 2003 n. 196, rivolgendosi al titolare del trattamento. In particolare secondo l\u2019art. 7 l\u2019interessato potr\u00e0 ottenere la conferma dell\u2019esistenza o meno di dati personali che lo riguardano, anche se non ancora registrati, e la loro comunicazione in forma intelligibile. L\u2019interessato ha diritto di ottenere l\u2019indicazione:a) dell\u2019origine dei dati personali; b) delle finalit\u00e0 e modalit\u00e0 del trattamento;c) della logica applicata in caso di trattamento effettuato con l\u2019ausilio di strumenti elettronici; d) degli estremi identificativi del titolare, dei responsabili e del rappresentante designato ai sensi dell\u2019articolo 5, comma 2; e) dei soggetti o delle categorie di soggetti ai quali i dati personali possono essere comunicati o che possono venirne a conoscenza in qualit\u00e0 di rappresentante designato nel territorio dello Stato, di responsabili o incaricati. L\u2019interessato ha diritto di ottenere: a) l\u2019aggiornamento, la rettificazione ovvero, quando vi ha interesse, l\u2019integrazione dei dati; b) la cancellazione, la trasformazione in forma anonima o il blocco dei dati trattati in violazione di legge, compresi quelli di cui non \u00e8 necessaria la conservazione in relazione agli scopi per i quali i dati sono stati raccolti o successivamente trattati; c) l\u2019attestazione che le operazioni di cui alle lettere a) e b) sono state portate a conoscenza, anche per quanto riguarda il loro contenuto, di coloro ai quali i dati sono stati comunicati o diffusi, eccettuato il caso in cui tale adempimento si rivela impossibile o comporta un impiego di mezzi manifestamente sproporzionato rispetto al diritto tutelato. L\u2019interessato ha diritto di opporsi, in tutto o in parte: a) per motivi legittimi al trattamento dei dati personali che lo riguardano, ancorch\u00e9 pertinenti allo scopo della raccolta; b) al trattamento di dati personali che lo riguardano a fini di invio di materiale pubblicitario o di vendita diretta o per il compimento di ricerche di mercato o di comunicazione commerciale.<\/p>\r\n<p><br \/><strong>COMUNICAZIONE RELATIVA ALLA DOCUMENTAZIONE DISPONIBILE IN QUESTO SITO\u00a0WEB<\/strong><br \/><em>Copyright<\/em><br \/>Tutti i contenuti disponibili sul sito web, di cui \u00e8 titolare la societ\u00e0 Distretto Ligure delle Tecnologie Marine S.c.r.l., Via delle Pianazze, n. 74, 19136 La Spezia, \u00e8 utilizzabile solo previa autorizzazione del titolare del copyright ed a solo scopo informativo o personale; \u00e8 fatto espresso divieto di effettuarne qualsiasi utilizzazione commerciale o distribuzione su altro computer; \u00e8 altres\u00ec proibito apportare modifiche ai contenuti presenti nel sito medesimo. \u00e8 vietata qualsiasi altra forma di utilizzazione. Ai trasgressori saranno applicate le relative sanzioni civili e penali. \u00e8 altres\u00ec vietata la riproduzione da parte di potenziali concorrenti della grafica del sito Web di cui \u00e8 Titolare la societ\u00e0 o di qualsiasi altro sito sviluppato, concesso in licenza, controllato o di propriet\u00e0 della societ\u00e0 medesima. Nessun logo, elemento grafico, suono o immagine tratto dal sito pu\u00f2 essere copiato o riprodotto senza l\u2019espressa autorizzazione della societ\u00e0. Gli elementi costitutivi del sito sono tutelati da accordi commerciali e il loro utilizzo \u00e8 conforme alle leggi sui marchi registrati, sulla concorrenza sleale e altre leggi e non possono essere copiati o imitati.<\/p>\r\n<p><em>Esenzione di responsabilit\u00e0<\/em><br \/>La societ\u00e0\u00a0Distretto Ligure delle Tecnologie Marine S.c.r.l.,\u00a0Via delle Pianazze, n. 74,\u00a019136 La Spezia, non \u00e8 responsabile delle informazioni contenute nelle pagine web di cui al sito di propriet\u00e0 e di quelli di eventuale sviluppo, e nella relativa grafica, n\u00e9 dell\u2019eventuale violazione di diritti altrui e dei danni anche indiretti consequenziali ad essa, o per altri danni di qualsiasi tipo, anche Risultanti da perdita del diritto d\u2019uso, perdita di informazioni o mancato guadagno ovvero discendenti dall\u2019inadempimento del contratto, da negligenza o da altre azioni lesive, derivanti da o in qualsiasi modo connessi all\u2019utilizzo o alle informazioni disponibili sul presente sito.<br \/>La Societ\u00e0 non risponde delle imprecisioni tecniche o degli errori tipografici; tutte le informazioni sono soggette a periodiche modifiche. La Societ\u00e0 pu\u00f2 apportare miglioramenti o modifiche ai prodotti e ai programmi descritti nei presenti siti in qualsiasi momento.<\/p>\r\n<p><em>Marchi<\/em><br \/>I nomi di prodotti e societ\u00e0 citati nel sito web possono essere marchi dei rispettivi proprietari, \u00e8 fatto perci\u00f2 espresso divieto all\u2019utilizzo non autorizzato degli stessi. Tutti i diritti non espressamente concessi dalla presente nota sono riservati.<\/p>\r\n<p>&nbsp;<\/p>\r\n<p><strong>COMUNICAZIONE DI COPYRIGHT<\/strong><\/p>\r\n<p>Copyright \u00a9 2019\u00a0<em>Liguria Marine Technologies District S.c.r.l.<\/em>. Tutti i diritti sono riservati.<\/p>\r\n<p>&nbsp;<\/p>","protected":false},"excerpt":{"rendered":"<p>Note legali e Privacy INFORMATIVA AREA SITO IN MATERIA DI  [&#8230;]<\/p>\n","protected":false},"author":1,"featured_media":0,"parent":0,"menu_order":0,"comment_status":"closed","ping_status":"open","template":"","meta":{"_acf_changed":false,"footnotes":""},"class_list":["post-3","page","type-page","status-publish","hentry"],"acf":[],"yoast_head":"<!-- This site is optimized with the Yoast SEO plugin v27.4 - https:\/\/yoast.com\/product\/yoast-seo-wordpress\/ -->\n<title>Privacy Policy - DLTM - Distretto Ligure delle Tecnologie Marine<\/title>\n<meta name=\"robots\" content=\"index, follow, max-snippet:-1, max-image-preview:large, max-video-preview:-1\" \/>\n<link rel=\"canonical\" href=\"https:\/\/dltm.it\/en\/privacy-policy\/\" \/>\n<meta property=\"og:locale\" content=\"en_GB\" \/>\n<meta property=\"og:type\" content=\"article\" \/>\n<meta property=\"og:title\" content=\"Privacy Policy - DLTM - Distretto Ligure delle Tecnologie Marine\" \/>\n<meta property=\"og:description\" content=\"Note legali e Privacy INFORMATIVA AREA SITO IN MATERIA DI [...]\" \/>\n<meta property=\"og:url\" content=\"https:\/\/dltm.it\/en\/privacy-policy\/\" \/>\n<meta property=\"og:site_name\" content=\"DLTM - Distretto Ligure delle Tecnologie Marine\" \/>\n<meta property=\"article:publisher\" content=\"https:\/\/www.facebook.com\/distrettoliguremare\/\" \/>\n<meta property=\"article:modified_time\" content=\"2025-12-09T13:17:13+00:00\" \/>\n<meta property=\"og:image\" content=\"https:\/\/dltm.it\/wp-content\/uploads\/2025\/12\/5-DLTM-new.png\" \/>\n\t<meta property=\"og:image:width\" content=\"482\" \/>\n\t<meta property=\"og:image:height\" content=\"444\" \/>\n\t<meta property=\"og:image:type\" content=\"image\/png\" \/>\n<meta name=\"twitter:card\" content=\"summary_large_image\" \/>\n<meta name=\"twitter:label1\" content=\"Estimated reading time\" \/>\n\t<meta name=\"twitter:data1\" content=\"13 minutes\" \/>\n<script type=\"application\/ld+json\" class=\"yoast-schema-graph\">{\"@context\":\"https:\\\/\\\/schema.org\",\"@graph\":[{\"@type\":\"WebPage\",\"@id\":\"https:\\\/\\\/dltm.it\\\/privacy-policy\\\/\",\"url\":\"https:\\\/\\\/dltm.it\\\/privacy-policy\\\/\",\"name\":\"Privacy Policy - DLTM - Distretto Ligure delle Tecnologie Marine\",\"isPartOf\":{\"@id\":\"https:\\\/\\\/dltm.it\\\/#website\"},\"datePublished\":\"2025-11-07T16:44:48+00:00\",\"dateModified\":\"2025-12-09T13:17:13+00:00\",\"breadcrumb\":{\"@id\":\"https:\\\/\\\/dltm.it\\\/privacy-policy\\\/#breadcrumb\"},\"inLanguage\":\"en-GB\",\"potentialAction\":[{\"@type\":\"ReadAction\",\"target\":[\"https:\\\/\\\/dltm.it\\\/privacy-policy\\\/\"]}]},{\"@type\":\"BreadcrumbList\",\"@id\":\"https:\\\/\\\/dltm.it\\\/privacy-policy\\\/#breadcrumb\",\"itemListElement\":[{\"@type\":\"ListItem\",\"position\":1,\"name\":\"Home\",\"item\":\"https:\\\/\\\/dltm.it\\\/\"},{\"@type\":\"ListItem\",\"position\":2,\"name\":\"Privacy Policy\"}]},{\"@type\":\"WebSite\",\"@id\":\"https:\\\/\\\/dltm.it\\\/#website\",\"url\":\"https:\\\/\\\/dltm.it\\\/\",\"name\":\"DLTM - Distretto Ligure delle Tecnologie Marine\",\"description\":\"Distretto Ligure delle Tecnologie Marine\",\"publisher\":{\"@id\":\"https:\\\/\\\/dltm.it\\\/#organization\"},\"alternateName\":\"DLTM\",\"potentialAction\":[{\"@type\":\"SearchAction\",\"target\":{\"@type\":\"EntryPoint\",\"urlTemplate\":\"https:\\\/\\\/dltm.it\\\/?s={search_term_string}\"},\"query-input\":{\"@type\":\"PropertyValueSpecification\",\"valueRequired\":true,\"valueName\":\"search_term_string\"}}],\"inLanguage\":\"en-GB\"},{\"@type\":\"Organization\",\"@id\":\"https:\\\/\\\/dltm.it\\\/#organization\",\"name\":\"DLTM - Distretto Ligure delle Tecnologie Marine\",\"alternateName\":\"DLTM\",\"url\":\"https:\\\/\\\/dltm.it\\\/\",\"logo\":{\"@type\":\"ImageObject\",\"inLanguage\":\"en-GB\",\"@id\":\"https:\\\/\\\/dltm.it\\\/#\\\/schema\\\/logo\\\/image\\\/\",\"url\":\"https:\\\/\\\/dltm.it\\\/wp-content\\\/uploads\\\/2025\\\/12\\\/Logo_DLTM-trasp-500@2-1.png\",\"contentUrl\":\"https:\\\/\\\/dltm.it\\\/wp-content\\\/uploads\\\/2025\\\/12\\\/Logo_DLTM-trasp-500@2-1.png\",\"width\":125,\"height\":125,\"caption\":\"DLTM - Distretto Ligure delle Tecnologie Marine\"},\"image\":{\"@id\":\"https:\\\/\\\/dltm.it\\\/#\\\/schema\\\/logo\\\/image\\\/\"},\"sameAs\":[\"https:\\\/\\\/www.facebook.com\\\/distrettoliguremare\\\/\",\"https:\\\/\\\/www.youtube.com\\\/@dltm-distrettoliguredellet297\",\"https:\\\/\\\/www.linkedin.com\\\/company\\\/dltm---distretto-ligure-delle-tecnologie-marine-scrl\\\/\"]}]}<\/script>\n<!-- \/ Yoast SEO plugin. -->","yoast_head_json":{"title":"Privacy Policy - DLTM - Distretto Ligure delle Tecnologie Marine","robots":{"index":"index","follow":"follow","max-snippet":"max-snippet:-1","max-image-preview":"max-image-preview:large","max-video-preview":"max-video-preview:-1"},"canonical":"https:\/\/dltm.it\/en\/privacy-policy\/","og_locale":"en_GB","og_type":"article","og_title":"Privacy Policy - DLTM - Distretto Ligure delle Tecnologie Marine","og_description":"Note legali e Privacy INFORMATIVA AREA SITO IN MATERIA DI [...]","og_url":"https:\/\/dltm.it\/en\/privacy-policy\/","og_site_name":"DLTM - Distretto Ligure delle Tecnologie Marine","article_publisher":"https:\/\/www.facebook.com\/distrettoliguremare\/","article_modified_time":"2025-12-09T13:17:13+00:00","og_image":[{"width":482,"height":444,"url":"https:\/\/dltm.it\/wp-content\/uploads\/2025\/12\/5-DLTM-new.png","type":"image\/png"}],"twitter_card":"summary_large_image","twitter_misc":{"Estimated reading time":"13 minutes"},"schema":{"@context":"https:\/\/schema.org","@graph":[{"@type":"WebPage","@id":"https:\/\/dltm.it\/privacy-policy\/","url":"https:\/\/dltm.it\/privacy-policy\/","name":"Privacy Policy - DLTM - Distretto Ligure delle Tecnologie Marine","isPartOf":{"@id":"https:\/\/dltm.it\/#website"},"datePublished":"2025-11-07T16:44:48+00:00","dateModified":"2025-12-09T13:17:13+00:00","breadcrumb":{"@id":"https:\/\/dltm.it\/privacy-policy\/#breadcrumb"},"inLanguage":"en-GB","potentialAction":[{"@type":"ReadAction","target":["https:\/\/dltm.it\/privacy-policy\/"]}]},{"@type":"BreadcrumbList","@id":"https:\/\/dltm.it\/privacy-policy\/#breadcrumb","itemListElement":[{"@type":"ListItem","position":1,"name":"Home","item":"https:\/\/dltm.it\/"},{"@type":"ListItem","position":2,"name":"Privacy Policy"}]},{"@type":"WebSite","@id":"https:\/\/dltm.it\/#website","url":"https:\/\/dltm.it\/","name":"DLTM - Distretto Ligure delle Tecnologie Marine","description":"Distretto Ligure delle Tecnologie Marine","publisher":{"@id":"https:\/\/dltm.it\/#organization"},"alternateName":"DLTM","potentialAction":[{"@type":"SearchAction","target":{"@type":"EntryPoint","urlTemplate":"https:\/\/dltm.it\/?s={search_term_string}"},"query-input":{"@type":"PropertyValueSpecification","valueRequired":true,"valueName":"search_term_string"}}],"inLanguage":"en-GB"},{"@type":"Organization","@id":"https:\/\/dltm.it\/#organization","name":"DLTM - Distretto Ligure delle Tecnologie Marine","alternateName":"DLTM","url":"https:\/\/dltm.it\/","logo":{"@type":"ImageObject","inLanguage":"en-GB","@id":"https:\/\/dltm.it\/#\/schema\/logo\/image\/","url":"https:\/\/dltm.it\/wp-content\/uploads\/2025\/12\/Logo_DLTM-trasp-500@2-1.png","contentUrl":"https:\/\/dltm.it\/wp-content\/uploads\/2025\/12\/Logo_DLTM-trasp-500@2-1.png","width":125,"height":125,"caption":"DLTM - Distretto Ligure delle Tecnologie Marine"},"image":{"@id":"https:\/\/dltm.it\/#\/schema\/logo\/image\/"},"sameAs":["https:\/\/www.facebook.com\/distrettoliguremare\/","https:\/\/www.youtube.com\/@dltm-distrettoliguredellet297","https:\/\/www.linkedin.com\/company\/dltm---distretto-ligure-delle-tecnologie-marine-scrl\/"]}]}},"_links":{"self":[{"href":"https:\/\/dltm.it\/en\/wp-json\/wp\/v2\/pages\/3","targetHints":{"allow":["GET"]}}],"collection":[{"href":"https:\/\/dltm.it\/en\/wp-json\/wp\/v2\/pages"}],"about":[{"href":"https:\/\/dltm.it\/en\/wp-json\/wp\/v2\/types\/page"}],"author":[{"embeddable":true,"href":"https:\/\/dltm.it\/en\/wp-json\/wp\/v2\/users\/1"}],"replies":[{"embeddable":true,"href":"https:\/\/dltm.it\/en\/wp-json\/wp\/v2\/comments?post=3"}],"version-history":[{"count":2,"href":"https:\/\/dltm.it\/en\/wp-json\/wp\/v2\/pages\/3\/revisions"}],"predecessor-version":[{"id":1211,"href":"https:\/\/dltm.it\/en\/wp-json\/wp\/v2\/pages\/3\/revisions\/1211"}],"wp:attachment":[{"href":"https:\/\/dltm.it\/en\/wp-json\/wp\/v2\/media?parent=3"}],"curies":[{"name":"wp","href":"https:\/\/api.w.org\/{rel}","templated":true}]}}